{"id":5150,"date":"2024-12-19T09:26:20","date_gmt":"2024-12-19T09:26:20","guid":{"rendered":"https:\/\/catedrajeanmonnet.umh.es\/?page_id=5150"},"modified":"2025-12-11T09:35:11","modified_gmt":"2025-12-11T09:35:11","slug":"rocio-publications","status":"publish","type":"page","link":"https:\/\/catedrajeanmonnet.umh.es\/en\/rocio-publications\/","title":{"rendered":"Roc\u00edo Publications"},"content":{"rendered":"<p>[et_pb_section fb_built=&#8221;1&#8243; disabled_on=&#8221;off|off|off&#8221; _builder_version=&#8221;4.17.4&#8243; _module_preset=&#8221;default&#8221; background_image=&#8221;https:\/\/catedrajeanmonnet.umh.es\/files\/2023\/02\/investigacion.png&#8221; height=&#8221;325px&#8221; global_colors_info=&#8221;{}&#8221;][et_pb_row _builder_version=&#8221;4.17.4&#8243; _module_preset=&#8221;default&#8221; global_colors_info=&#8221;{}&#8221;][et_pb_column type=&#8221;4_4&#8243; _builder_version=&#8221;4.17.4&#8243; _module_preset=&#8221;default&#8221; global_colors_info=&#8221;{}&#8221;][et_pb_text _builder_version=&#8221;4.17.4&#8243; _module_preset=&#8221;default&#8221; global_colors_info=&#8221;{}&#8221;][\/et_pb_text][\/et_pb_column][\/et_pb_row][\/et_pb_section][et_pb_section fb_built=&#8221;1&#8243; _builder_version=&#8221;4.17.4&#8243; _module_preset=&#8221;default&#8221; global_colors_info=&#8221;{}&#8221;][et_pb_row column_structure=&#8221;3_5,1_5,1_5&#8243; _builder_version=&#8221;4.17.4&#8243; _module_preset=&#8221;default&#8221; custom_padding=&#8221;||8px|||&#8221; global_colors_info=&#8221;{}&#8221;][et_pb_column type=&#8221;3_5&#8243; _builder_version=&#8221;4.17.4&#8243; _module_preset=&#8221;default&#8221; global_colors_info=&#8221;{}&#8221;][et_pb_text _builder_version=&#8221;4.17.4&#8243; _module_preset=&#8221;default&#8221; header_font=&#8221;|700|||||||&#8221; header_text_color=&#8221;#013496&#8243; header_font_size=&#8221;43px&#8221; header_font_size_tablet=&#8221;48px&#8221; header_font_size_phone=&#8221;30px&#8221; header_font_size_last_edited=&#8221;on|phone&#8221; global_colors_info=&#8221;{}&#8221;]<\/p>\n<h1>PUBLICATIONS<\/h1>\n<h1><span style=\"color: #0061f0\">ROC\u00cdO M. POZO TOM\u00c1S<\/span><\/h1>\n<p>[\/et_pb_text][\/et_pb_column][et_pb_column type=&#8221;1_5&#8243; _builder_version=&#8221;4.17.4&#8243; _module_preset=&#8221;default&#8221; global_colors_info=&#8221;{}&#8221;][et_pb_button button_url=&#8221;https:\/\/twitter.com\/JeanMonnetUmh&#8221; url_new_window=&#8221;on&#8221; button_text=&#8221;Twitter&#8221; button_alignment=&#8221;right&#8221; button_alignment_tablet=&#8221;center&#8221; button_alignment_phone=&#8221;center&#8221; button_alignment_last_edited=&#8221;on|phone&#8221; disabled_on=&#8221;on|on|on&#8221; _builder_version=&#8221;4.17.4&#8243; _module_preset=&#8221;default&#8221; custom_button=&#8221;on&#8221; button_text_color=&#8221;#ffffff&#8221; button_bg_color=&#8221;#0079c4&#8243; button_border_color=&#8221;#000000&#8243; button_border_radius=&#8221;11px&#8221; button_font=&#8221;|600|||||||&#8221; button_icon=&#8221;&#xe094;||divi||400&#8243; button_on_hover=&#8221;off&#8221; button_text_shadow_style=&#8221;preset2&#8243; disabled=&#8221;on&#8221; locked=&#8221;off&#8221; global_colors_info=&#8221;{}&#8221;][\/et_pb_button][\/et_pb_column][et_pb_column type=&#8221;1_5&#8243; _builder_version=&#8221;4.17.4&#8243; _module_preset=&#8221;default&#8221; global_colors_info=&#8221;{}&#8221;][et_pb_button button_url=&#8221;https:\/\/www.instagram.com\/jeanmonnetumh\/&#8221; url_new_window=&#8221;on&#8221; button_text=&#8221;Instagram&#8221; button_alignment=&#8221;center&#8221; disabled_on=&#8221;on|on|on&#8221; _builder_version=&#8221;4.17.4&#8243; _module_preset=&#8221;default&#8221; custom_button=&#8221;on&#8221; button_text_color=&#8221;#ffffff&#8221; button_bg_color=&#8221;#0079c4&#8243; button_bg_use_color_gradient=&#8221;on&#8221; button_bg_color_gradient_stops=&#8221;#d82ba7 0%|#e09900 100%&#8221; button_border_color=&#8221;#000000&#8243; button_border_radius=&#8221;11px&#8221; button_font=&#8221;|600|||||||&#8221; button_icon=&#8221;&#xe09a;||divi||400&#8243; button_on_hover=&#8221;off&#8221; button_text_shadow_style=&#8221;preset2&#8243; disabled=&#8221;on&#8221; global_colors_info=&#8221;{}&#8221;][\/et_pb_button][et_pb_social_media_follow _builder_version=&#8221;4.17.4&#8243; _module_preset=&#8221;default&#8221; text_orientation=&#8221;right&#8221; width=&#8221;100%&#8221; max_width=&#8221;100%&#8221; global_colors_info=&#8221;{}&#8221;][et_pb_social_media_follow_network social_network=&#8221;twitter&#8221; url=&#8221;https:\/\/twitter.com\/JeanMonnetUmh&#8221; use_icon_font_size=&#8221;on&#8221; icon_font_size=&#8221;27px&#8221; _builder_version=&#8221;4.17.4&#8243; _module_preset=&#8221;default&#8221; background_color=&#8221;#000000&#8243; background_enable_color=&#8221;on&#8221; custom_button=&#8221;on&#8221; button_text_size=&#8221;35px&#8221; border_radii=&#8221;on|9px|9px|9px|9px&#8221; border_width_all=&#8221;3px&#8221; border_color_all=&#8221;#000000&#8243; global_colors_info=&#8221;{}&#8221; follow_button=&#8221;off&#8221; url_new_window=&#8221;on&#8221;]twitter[\/et_pb_social_media_follow_network][et_pb_social_media_follow_network social_network=&#8221;instagram&#8221; url=&#8221;https:\/\/www.instagram.com\/jeanmonnetumh\/&#8221; use_icon_font_size=&#8221;on&#8221; icon_font_size=&#8221;27px&#8221; _builder_version=&#8221;4.17.4&#8243; _module_preset=&#8221;default&#8221; background_color=&#8221;#ea2c59&#8243; custom_button=&#8221;on&#8221; button_text_size=&#8221;35px&#8221; border_radii=&#8221;on|9px|9px|9px|9px&#8221; border_width_all=&#8221;3px&#8221; border_color_all=&#8221;#000000&#8243; global_colors_info=&#8221;{}&#8221; follow_button=&#8221;off&#8221; url_new_window=&#8221;on&#8221;]instagram[\/et_pb_social_media_follow_network][\/et_pb_social_media_follow][\/et_pb_column][\/et_pb_row][et_pb_row _builder_version=&#8221;4.17.4&#8243; _module_preset=&#8221;default&#8221; global_colors_info=&#8221;{}&#8221;][et_pb_column type=&#8221;4_4&#8243; _builder_version=&#8221;4.17.4&#8243; _module_preset=&#8221;default&#8221; global_colors_info=&#8221;{}&#8221;][et_pb_text _builder_version=&#8221;4.17.4&#8243; _module_preset=&#8221;default&#8221; text_text_color=&#8221;#000000&#8243; text_font_size=&#8221;18px&#8221; header_2_font=&#8221;|600|||||||&#8221; header_2_text_color=&#8221;#0061f0&#8243; text_orientation=&#8221;justified&#8221; custom_margin=&#8221;-25px||||false|false&#8221; hover_enabled=&#8221;0&#8243; global_colors_info=&#8221;{}&#8221; sticky_enabled=&#8221;0&#8243;]<\/p>\n<ul>\n<li style=\"text-align: justify\">POZO TOM\u00c1S, R. M., \u201cC\u00f3digo de Conducta de la Uni\u00f3n Europea contra la incitaci\u00f3n ilegal al odio en Internet: an\u00e1lisis de sus evaluaciones y relaci\u00f3n con el Reglamento de Servicios Digitales\u201d, Aranzadi (collective work, in press).<\/li>\n<\/ul>\n<ul>\n<li style=\"text-align: justify\"><span>POZO TOM\u00c1S, R. M.,<\/span><span>\u00a0<\/span>\u201cLa responsabilidad del Estado por violaci\u00f3n del art. 3 CEDH en casos de violencia contra la mujer: Caso G.M. y otras c. La Rep\u00fablica de Moldavia\u201d,<em><span> Estudios sobre Jurisprudencia Europea: materiales del VIII Encuentro anual del Centro espa\u00f1ol del European Law Institute<\/span><span>\u00a0<\/span><\/em>(in press).<\/li>\n<\/ul>\n<ul>\n<li style=\"text-align: justify\"><span>POZO TOM\u00c1S, R.M., &#8220;Directrices 02\/2024 (versi\u00f3n 2.1) del Comit\u00e9 Europeo de Protecci\u00f3n de Datos: el art\u00edculo 48 del RGPD y la gesti\u00f3n de transferencias internacionales de datos.&#8221;,\u00a0<\/span><i>La Ley Privacidad<\/i><span>, num. 25 (2025), 1-9.\u00a0<\/span><span><\/span><\/li>\n<\/ul>\n<ul>\n<li style=\"text-align: justify\">POZO TOM\u00c1S, R. M., <span>&#8220;<\/span>Derecho del mar en acci\u00f3n: aprendiendo a trav\u00e9s de la gamificaci\u00f3n y el cine<span>&#8220;<\/span>, in \u00c1LVAREZ-HERRERO, J.F., ANTOL\u00cd MAR\u00cdNEZ, J., and CUSANO, P.,<span>\u00a0<\/span><em>Educaci\u00f3n y humanidades como ejes de investigaci\u00f3n e innovaci\u00f3n<\/em>, Dykinson, Madrid 2025, pp. 406-416, <span>(ISBN:\u00a0<\/span><span>979-13-7006-291-0)<\/span>.<\/li>\n<\/ul>\n<ul>\n<li style=\"text-align: justify\">POZO TOM\u00c1S, R. M., \u201c\u00bfC\u00f3mo se prepara un equipo para participar en una Competici\u00f3n de litigaci\u00f3n internacional de derechos humanos?\u00bb, in SORIA RODR\u00cdGUEZ, C. and MANETSBERGER, J. (Coords),<span>\u00a0<\/span><em>Nuevos enfoques en la docencia y la investigaci\u00f3n de las ciencias jur\u00eddicas y otras disciplinas<\/em>, Dykinson, Madrid 2024, 792-805 (ISBN: 978-84-1070-691-0).<\/li>\n<\/ul>\n<ul>\n<li style=\"text-align: justify\">CRESPO NAVARRO, E., POZO TOM\u00c1S, R. M. and RODR\u00cdGUEZ MA\u00d1OGIL, A.,<span>\u00a0<\/span><em>Igualdad de trato y no disciminaci\u00f3n en Derecho Internacional,<span>\u00a0<\/span><\/em><a href=\"https:\/\/editorial.umh.es\/2024\/10\/23\/igualdad-de-trato-y-no-discriminacion-en-derecho-internacional\/\">Editorial electr\u00f3nica UMH<\/a>, 2024 (ISBN: 978-84-18177-79-8).<\/li>\n<\/ul>\n<p>[\/et_pb_text][\/et_pb_column][\/et_pb_row][\/et_pb_section]<\/p>\n","protected":false},"excerpt":{"rendered":"<p>PUBLICATIONS ROC\u00cdO M. POZO TOM\u00c1Stwitterinstagram POZO TOM\u00c1S, R. M., \u201cC\u00f3digo de Conducta de la Uni\u00f3n Europea contra la incitaci\u00f3n ilegal al odio en Internet: an\u00e1lisis de sus evaluaciones y relaci\u00f3n con el Reglamento de Servicios Digitales\u201d, Aranzadi (collective work, in press). POZO TOM\u00c1S, R. M.,\u00a0\u201cLa responsabilidad del Estado por violaci\u00f3n del art. 3 CEDH en [&hellip;]<\/p>\n","protected":false},"author":3158,"featured_media":0,"parent":0,"menu_order":0,"comment_status":"closed","ping_status":"closed","template":"","meta":{"_et_pb_use_builder":"on","_et_pb_old_content":"<p>[et_pb_section fb_built=\"1\" disabled_on=\"off|off|off\" _builder_version=\"4.17.4\" _module_preset=\"default\" background_image=\"https:\/\/catedrajeanmonnet.umh.es\/files\/2023\/02\/investigacion.png\" height=\"325px\" global_colors_info=\"{}\"][et_pb_row _builder_version=\"4.17.4\" _module_preset=\"default\" global_colors_info=\"{}\"][et_pb_column type=\"4_4\" _builder_version=\"4.17.4\" _module_preset=\"default\" global_colors_info=\"{}\"][et_pb_text _builder_version=\"4.17.4\" _module_preset=\"default\" global_colors_info=\"{}\"][\/et_pb_text][\/et_pb_column][\/et_pb_row][\/et_pb_section][et_pb_section fb_built=\"1\" _builder_version=\"4.17.4\" _module_preset=\"default\" global_colors_info=\"{}\"][et_pb_row column_structure=\"2_3,1_3\" _builder_version=\"4.17.4\" _module_preset=\"default\" global_colors_info=\"{}\" custom_padding=\"||8px|||\"][et_pb_column type=\"2_3\" _builder_version=\"4.17.4\" _module_preset=\"default\" global_colors_info=\"{}\"][et_pb_text _builder_version=\"4.17.4\" _module_preset=\"default\" header_font=\"|700|||||||\" header_text_color=\"#013496\" header_font_size=\"48px\" global_colors_info=\"{}\"]<\/p><h1>PUBLICACIONES<\/h1><h1><span style=\"color: #0061f0;\">ADELA RODR\u00cdGUEZ MA\u00d1OGIL<\/span><\/h1><p>[\/et_pb_text][\/et_pb_column][et_pb_column type=\"1_3\" _builder_version=\"4.17.4\" _module_preset=\"default\" global_colors_info=\"{}\"][et_pb_button button_url=\"https:\/\/twitter.com\/JeanMonnetUmh\" url_new_window=\"on\" button_text=\"S\u00edguenos en Twitter\" _builder_version=\"4.17.4\" _module_preset=\"default\" custom_button=\"on\" button_text_color=\"#ffffff\" button_bg_color=\"#00acee\" button_border_radius=\"11px\" button_font=\"|600|||||||\" button_icon=\"\ue094||divi||400\" button_on_hover=\"off\" locked=\"off\" global_colors_info=\"{}\"][\/et_pb_button][\/et_pb_column][\/et_pb_row][et_pb_row _builder_version=\"4.17.4\" _module_preset=\"default\" global_colors_info=\"{}\"][et_pb_column type=\"4_4\" _builder_version=\"4.17.4\" _module_preset=\"default\" global_colors_info=\"{}\"][et_pb_text _builder_version=\"4.17.4\" _module_preset=\"default\" text_text_color=\"#000000\" text_font_size=\"18px\" header_2_font=\"|600|||||||\" header_2_text_color=\"#0061f0\" text_orientation=\"justified\" custom_margin=\"-25px||||false|false\" global_colors_info=\"{}\"]<\/p><ul><li style=\"text-align: justify;\">RODRIGUEZ MA\u00d1OGIL, A., \u201cLa prohibici\u00f3n de la discriminaci\u00f3n por motivos de orientaci\u00f3n sexual e identidad de g\u00e9nero en la jurisprudencia del Tribunal de Justicia de la Uni\u00f3n Europea\u201d, en RAGON\u00c9S MOLINA, L., CRESPO NAVARRO, E., GONZ\u00c1LEZ SERRANO, A., y PASCUAL VIVES, F. (Eds.), Los derechos humanos como elemento de interacci\u00f3n en el Derecho internacional p\u00fablico, Pr\u00e1ctica en Europa y Am\u00e9rica, Marcial Pons (en prensa).<\/li><li style=\"text-align: justify;\">RODRIGUEZ MA\u00d1OGIL, A., \u201cLa libre circulaci\u00f3n y residencia por el territorio de los Estados miembros de la UE de las familias homoparentales\u201d en RUDA GONZ\u00c1LEZ, A. y KUBICA, M., Estudios sobre Jurisprudencia Europea: materiales del VII Encuentro anual sobre jurisprudencia europea del Spanish Hub del European Law Institute, Sepin (en prensa).<\/li><li style=\"text-align: justify;\">RODRIGUEZ MA\u00d1OGIL, A., \u201cLa responsabilidad Internacional del Estado por los actos de violencia discriminatorios basados en la orientaci\u00f3n sexual y la identidad de g\u00e9nero cometidos por sus agentes\u201d, en RUDA GONZ\u00c1LEZ, A. y JEREZ DELGADO, C., Estudios sobre Jurisprudencia Europea: materiales del VI Encuentro anual sobre jurisprudencia europea del Spanish Hub del European Law Institute, Sepin (en prensa).<\/li><\/ul><p>[\/et_pb_text][\/et_pb_column][\/et_pb_row][\/et_pb_section]<\/p>","_et_gb_content_width":"","_links_to":"","_links_to_target":""},"_links":{"self":[{"href":"https:\/\/catedrajeanmonnet.umh.es\/en\/wp-json\/wp\/v2\/pages\/5150"}],"collection":[{"href":"https:\/\/catedrajeanmonnet.umh.es\/en\/wp-json\/wp\/v2\/pages"}],"about":[{"href":"https:\/\/catedrajeanmonnet.umh.es\/en\/wp-json\/wp\/v2\/types\/page"}],"author":[{"embeddable":true,"href":"https:\/\/catedrajeanmonnet.umh.es\/en\/wp-json\/wp\/v2\/users\/3158"}],"replies":[{"embeddable":true,"href":"https:\/\/catedrajeanmonnet.umh.es\/en\/wp-json\/wp\/v2\/comments?post=5150"}],"version-history":[{"count":0,"href":"https:\/\/catedrajeanmonnet.umh.es\/en\/wp-json\/wp\/v2\/pages\/5150\/revisions"}],"wp:attachment":[{"href":"https:\/\/catedrajeanmonnet.umh.es\/en\/wp-json\/wp\/v2\/media?parent=5150"}],"curies":[{"name":"wp","href":"https:\/\/api.w.org\/{rel}","templated":true}]}}