{"id":1213,"date":"2023-02-08T13:16:35","date_gmt":"2023-02-08T13:16:35","guid":{"rendered":"https:\/\/catedrajeanmonnet.umh.es\/?page_id=1213"},"modified":"2024-12-20T09:27:41","modified_gmt":"2024-12-20T09:27:41","slug":"doctoral-theses","status":"publish","type":"page","link":"https:\/\/catedrajeanmonnet.umh.es\/en\/doctoral-theses\/","title":{"rendered":"Doctoral theses"},"content":{"rendered":"<p>[et_pb_section fb_built=&#8221;1&#8243; disabled_on=&#8221;off|off|off&#8221; _builder_version=&#8221;4.17.4&#8243; _module_preset=&#8221;default&#8221; background_image=&#8221;https:\/\/catedrajeanmonnet.umh.es\/files\/2023\/06\/tesis-doct.png&#8221; height=&#8221;325px&#8221; global_colors_info=&#8221;{}&#8221;][et_pb_row _builder_version=&#8221;4.17.4&#8243; _module_preset=&#8221;default&#8221; global_colors_info=&#8221;{}&#8221;][et_pb_column type=&#8221;4_4&#8243; _builder_version=&#8221;4.17.4&#8243; _module_preset=&#8221;default&#8221; global_colors_info=&#8221;{}&#8221;][et_pb_text _builder_version=&#8221;4.17.4&#8243; _module_preset=&#8221;default&#8221; global_colors_info=&#8221;{}&#8221;][\/et_pb_text][\/et_pb_column][\/et_pb_row][\/et_pb_section][et_pb_section fb_built=&#8221;1&#8243; _builder_version=&#8221;4.17.4&#8243; _module_preset=&#8221;default&#8221; global_colors_info=&#8221;{}&#8221;][et_pb_row column_structure=&#8221;3_5,1_5,1_5&#8243; _builder_version=&#8221;4.17.4&#8243; _module_preset=&#8221;default&#8221; global_colors_info=&#8221;{}&#8221;][et_pb_column type=&#8221;3_5&#8243; _builder_version=&#8221;4.17.4&#8243; _module_preset=&#8221;default&#8221; global_colors_info=&#8221;{}&#8221;][et_pb_text _builder_version=&#8221;4.17.4&#8243; _module_preset=&#8221;default&#8221; text_font=&#8221;||||||||&#8221; header_font=&#8221;|700|||||||&#8221; header_text_color=&#8221;#013496&#8243; header_font_size=&#8221;38px&#8221; locked=&#8221;off&#8221; global_colors_info=&#8221;{}&#8221;]<\/p>\n<h1>DOCTORAL THESES<span style=\"color: #0061f0\"> IN PROGRESS<\/span><\/h1>\n<p>[\/et_pb_text][\/et_pb_column][et_pb_column type=&#8221;1_5&#8243; _builder_version=&#8221;4.17.4&#8243; _module_preset=&#8221;default&#8221; global_colors_info=&#8221;{}&#8221;][et_pb_button button_url=&#8221;https:\/\/twitter.com\/JeanMonnetUmh&#8221; url_new_window=&#8221;on&#8221; button_text=&#8221;Twitter&#8221; button_alignment=&#8221;right&#8221; button_alignment_tablet=&#8221;center&#8221; button_alignment_phone=&#8221;center&#8221; button_alignment_last_edited=&#8221;on|phone&#8221; disabled_on=&#8221;on|on|on&#8221; _builder_version=&#8221;4.17.4&#8243; _module_preset=&#8221;default&#8221; custom_button=&#8221;on&#8221; button_text_color=&#8221;#ffffff&#8221; button_bg_color=&#8221;#0079c4&#8243; button_border_color=&#8221;#000000&#8243; button_border_radius=&#8221;11px&#8221; button_font=&#8221;|600|||||||&#8221; button_icon=&#8221;&#xe094;||divi||400&#8243; button_on_hover=&#8221;off&#8221; button_text_shadow_style=&#8221;preset2&#8243; disabled=&#8221;on&#8221; locked=&#8221;off&#8221; global_colors_info=&#8221;{}&#8221;][\/et_pb_button][\/et_pb_column][et_pb_column type=&#8221;1_5&#8243; _builder_version=&#8221;4.17.4&#8243; _module_preset=&#8221;default&#8221; global_colors_info=&#8221;{}&#8221;][et_pb_button button_url=&#8221;https:\/\/www.instagram.com\/jeanmonnetumh\/&#8221; url_new_window=&#8221;on&#8221; button_text=&#8221;Instagram&#8221; button_alignment=&#8221;center&#8221; disabled_on=&#8221;on|on|on&#8221; _builder_version=&#8221;4.17.4&#8243; _module_preset=&#8221;default&#8221; custom_button=&#8221;on&#8221; button_text_color=&#8221;#ffffff&#8221; button_bg_color=&#8221;#0079c4&#8243; button_bg_use_color_gradient=&#8221;on&#8221; button_bg_color_gradient_stops=&#8221;#d82ba7 0%|#e09900 100%&#8221; button_border_color=&#8221;#000000&#8243; button_border_radius=&#8221;11px&#8221; button_font=&#8221;|600|||||||&#8221; button_icon=&#8221;&#xe09a;||divi||400&#8243; button_on_hover=&#8221;off&#8221; button_text_shadow_style=&#8221;preset2&#8243; disabled=&#8221;on&#8221; global_colors_info=&#8221;{}&#8221;][\/et_pb_button][et_pb_social_media_follow _builder_version=&#8221;4.17.4&#8243; _module_preset=&#8221;default&#8221; text_orientation=&#8221;right&#8221; width=&#8221;100%&#8221; max_width=&#8221;100%&#8221; global_colors_info=&#8221;{}&#8221;][et_pb_social_media_follow_network social_network=&#8221;twitter&#8221; url=&#8221;https:\/\/twitter.com\/JeanMonnetUmh&#8221; use_icon_font_size=&#8221;on&#8221; icon_font_size=&#8221;27px&#8221; _builder_version=&#8221;4.17.4&#8243; _module_preset=&#8221;default&#8221; background_color=&#8221;#000000&#8243; background_enable_color=&#8221;on&#8221; custom_button=&#8221;on&#8221; button_text_size=&#8221;35px&#8221; border_radii=&#8221;on|9px|9px|9px|9px&#8221; border_width_all=&#8221;3px&#8221; border_color_all=&#8221;#000000&#8243; global_colors_info=&#8221;{}&#8221; follow_button=&#8221;off&#8221; url_new_window=&#8221;on&#8221;]twitter[\/et_pb_social_media_follow_network][et_pb_social_media_follow_network social_network=&#8221;instagram&#8221; url=&#8221;https:\/\/www.instagram.com\/jeanmonnetumh\/&#8221; use_icon_font_size=&#8221;on&#8221; icon_font_size=&#8221;27px&#8221; _builder_version=&#8221;4.17.4&#8243; _module_preset=&#8221;default&#8221; background_color=&#8221;#ea2c59&#8243; custom_button=&#8221;on&#8221; button_text_size=&#8221;35px&#8221; border_radii=&#8221;on|9px|9px|9px|9px&#8221; border_width_all=&#8221;3px&#8221; border_color_all=&#8221;#000000&#8243; global_colors_info=&#8221;{}&#8221; follow_button=&#8221;off&#8221; url_new_window=&#8221;on&#8221;]instagram[\/et_pb_social_media_follow_network][\/et_pb_social_media_follow][\/et_pb_column][\/et_pb_row][et_pb_row _builder_version=&#8221;4.17.4&#8243; _module_preset=&#8221;default&#8221; custom_margin=&#8221;-13px|auto||auto||&#8221; custom_padding=&#8221;3px|||||&#8221; global_colors_info=&#8221;{}&#8221;][et_pb_column type=&#8221;4_4&#8243; _builder_version=&#8221;4.17.4&#8243; _module_preset=&#8221;default&#8221; global_colors_info=&#8221;{}&#8221;][et_pb_tabs active_tab_background_color=&#8221;#013496&#8243; inactive_tab_background_color=&#8221;#0061f0&#8243; active_tab_text_color=&#8221;#FFFFFF&#8221; _builder_version=&#8221;4.17.4&#8243; _module_preset=&#8221;default&#8221; tab_text_color=&#8221;#FFFFFF&#8221; body_text_align=&#8221;justify&#8221; body_text_color=&#8221;#000000&#8243; body_font_size=&#8221;18px&#8221; tab_font=&#8221;|600|||||||&#8221; tab_font_size=&#8221;18px&#8221; hover_enabled=&#8221;0&#8243; border_width_all=&#8221;2px&#8221; border_color_all=&#8221;#013496&#8243; locked=&#8221;off&#8221; global_colors_info=&#8221;{}&#8221; sticky_enabled=&#8221;0&#8243;][et_pb_tab title=&#8221;IN PROGRESS&#8221; _builder_version=&#8221;4.17.4&#8243; _module_preset=&#8221;default&#8221; hover_enabled=&#8221;0&#8243; global_colors_info=&#8221;{}&#8221; sticky_enabled=&#8221;0&#8243;]<\/p>\n<h3><span style=\"color: #013496\"><strong>ADELA RODR\u00cdGUEZ MA\u00d1OGIL<\/strong><\/span><\/h3>\n<p><b>TITLE: <\/b><span style=\"font-weight: 400\">&#8220;Protection against discrimination based on sexual orientation and gender identity in the European and Inter-American human rights protection\u2019 s systems &#8220;<\/span><\/p>\n<p><b>AUTHOR:<\/b><span style=\"font-weight: 400\"> ADELA RODR\u00cdGUEZ MA\u00d1OGIL<\/span><\/p>\n<p><b>DIRECTION:<\/b><span style=\"font-weight: 400\"> Prof. Dra. Elena Crespo Navarro<\/span><\/p>\n<p><b>PROGRAM:<\/b><span style=\"font-weight: 400\"> PhD. Program in Social and Legal Sciences of the University Miguel Hern\u00e1ndez <\/span><\/p>\n<p>&nbsp;<\/p>\n<h3><span style=\"color: #013496\"><strong>ALESSANDRA NASONI<\/strong><\/span><\/h3>\n<p><b>TITLE:<\/b><span style=\"font-weight: 400\"> The vulnerability of the State in International Law: weak and failed States<\/span><\/p>\n<p><b>AUTHOR:<\/b><span style=\"font-weight: 400\"> ALESSANDRA NASONI<\/span><\/p>\n<p><b>DIRECTION:<\/b><span style=\"font-weight: 400\"> Prof. Dra. Elena Crespo Navarro<\/span><\/p>\n<p><b>PROGRAM:<\/b><span style=\"font-weight: 400\"> PhD. Program in Social and Legal Sciences of the University Miguel Hern\u00e1ndez<\/span><\/p>\n<p><span style=\"font-weight: 400\"><\/span><\/p>\n<h3><span style=\"color: #013496\"><strong>ROC\u00cdO M. POZO TOM\u00c1S<\/strong><\/span><\/h3>\n<p><b>TITLE:<\/b><span style=\"font-weight: 400\"> Business and Human Rights<\/span><\/p>\n<p><b>AUTHOR:<\/b><span style=\"font-weight: 400\"> ROC\u00cdO M. POZO TOM\u00c1S<\/span><\/p>\n<p><b>DIRECTION:<\/b><span style=\"font-weight: 400\"> Prof. Dra. Elena Crespo Navarro<\/span><\/p>\n<p><b>PROGRAM:<\/b><span style=\"font-weight: 400\"> PhD. Program in Social and Legal Sciences of the University Miguel Hern\u00e1ndez<\/span><\/p>\n<p>[\/et_pb_tab][et_pb_tab title=&#8221;DEFENDED&#8221; _builder_version=&#8221;4.17.4&#8243; _module_preset=&#8221;default&#8221; global_colors_info=&#8221;{}&#8221;]<\/p>\n<p>Coming soon&#8230;<\/p>\n<p>[\/et_pb_tab][\/et_pb_tabs][\/et_pb_column][\/et_pb_row][\/et_pb_section]<\/p>\n","protected":false},"excerpt":{"rendered":"<p>DOCTORAL THESES IN PROGRESStwitterinstagramADELA RODR\u00cdGUEZ MA\u00d1OGIL TITLE: &#8220;Protection against discrimination based on sexual orientation and gender identity in the European and Inter-American human rights protection\u2019 s systems &#8221; AUTHOR: ADELA RODR\u00cdGUEZ MA\u00d1OGIL DIRECTION: Prof. Dra. Elena Crespo Navarro PROGRAM: PhD. Program in Social and Legal Sciences of the University Miguel Hern\u00e1ndez &nbsp; ALESSANDRA NASONI TITLE: [&hellip;]<\/p>\n","protected":false},"author":23459,"featured_media":0,"parent":0,"menu_order":0,"comment_status":"closed","ping_status":"closed","template":"","meta":{"_et_pb_use_builder":"on","_et_pb_old_content":"<p>[et_pb_section fb_built=\"1\" disabled_on=\"off|off|off\" _builder_version=\"4.17.4\" _module_preset=\"default\" background_image=\"https:\/\/catedrajeanmonnet.umh.es\/files\/2023\/02\/investigacion.png\" height=\"325px\" global_colors_info=\"{}\"][et_pb_row _builder_version=\"4.17.4\" _module_preset=\"default\" global_colors_info=\"{}\"][et_pb_column type=\"4_4\" _builder_version=\"4.17.4\" _module_preset=\"default\" global_colors_info=\"{}\"][et_pb_text _builder_version=\"4.17.4\" _module_preset=\"default\" global_colors_info=\"{}\"][\/et_pb_text][\/et_pb_column][\/et_pb_row][\/et_pb_section][et_pb_section fb_built=\"1\" _builder_version=\"4.17.4\" _module_preset=\"default\" global_colors_info=\"{}\"][et_pb_row column_structure=\"2_3,1_3\" _builder_version=\"4.17.4\" _module_preset=\"default\" global_colors_info=\"{}\"][et_pb_column type=\"2_3\" _builder_version=\"4.17.4\" _module_preset=\"default\" global_colors_info=\"{}\"][et_pb_text _builder_version=\"4.17.4\" _module_preset=\"default\" text_font=\"||||||||\" header_font=\"|700|||||||\" header_text_color=\"#013496\" header_font_size=\"40px\" locked=\"off\" global_colors_info=\"{}\"]<\/p><h1>TESIS DOCTORALES<span style=\"color: #0061f0;\"> EN CURSO<\/span><\/h1><p>[\/et_pb_text][\/et_pb_column][et_pb_column type=\"1_3\" _builder_version=\"4.17.4\" _module_preset=\"default\" global_colors_info=\"{}\"][et_pb_button button_url=\"https:\/\/twitter.com\/JeanMonnetUmh\" url_new_window=\"on\" button_text=\"S\u00edguenos en Twitter\" _builder_version=\"4.17.4\" _module_preset=\"default\" custom_button=\"on\" button_text_color=\"#ffffff\" button_bg_color=\"#00acee\" button_border_radius=\"11px\" button_font=\"|600|||||||\" button_icon=\"\ue094||divi||400\" button_on_hover=\"off\" locked=\"off\" global_colors_info=\"{}\"][\/et_pb_button][\/et_pb_column][\/et_pb_row][et_pb_row _builder_version=\"4.17.4\" _module_preset=\"default\" global_colors_info=\"{}\" custom_padding=\"3px|||||\" custom_margin=\"-13px|auto||auto||\"][et_pb_column type=\"4_4\" _builder_version=\"4.17.4\" _module_preset=\"default\" global_colors_info=\"{}\"][et_pb_tabs active_tab_background_color=\"#013496\" inactive_tab_background_color=\"#0061f0\" active_tab_text_color=\"#FFFFFF\" _builder_version=\"4.17.4\" _module_preset=\"default\" tab_text_color=\"#FFFFFF\" body_text_align=\"justify\" body_text_color=\"#000000\" body_font_size=\"18px\" tab_font=\"|600|||||||\" tab_font_size=\"18px\" border_width_all=\"2px\" border_color_all=\"#013496\" locked=\"off\" global_colors_info=\"{}\"][et_pb_tab title=\"EN CURSO\" _builder_version=\"4.17.4\" _module_preset=\"default\" global_colors_info=\"{}\"]<\/p><h3><span style=\"color: #013496;\"><strong>ADELA RODR\u00cdGUEZ MA\u00d1OGIL<\/strong><\/span><\/h3><p><strong>T\u00cdTULO<\/strong>: \u201cLa protecci\u00f3n frente a la discriminaci\u00f3n por motivos de orientaci\u00f3n sexual e identidad de g\u00e9nero en los sistemas europeo e interamericano de protecci\u00f3n de los derechos humanos\u201d<\/p><p><strong>AUTORA<\/strong>: ADELA RODR\u00cdGUEZ MA\u00d1OGIL<\/p><p><strong>DIRECCI\u00d3N<\/strong>: Profa. Dra. Elena Crespo Navarro<\/p><p><strong>PROGRAMA<\/strong>: Programa de Doctorado en Ciencias Sociales y Jur\u00eddicas de la Universidad Miguel Hern\u00e1ndez<\/p><p>\u00a0<\/p><h3><span style=\"color: #013496;\"><strong>ALESSANDRA NASONI<\/strong><\/span><\/h3><p><strong>T\u00cdTULO<\/strong>: \u201cLa vulnerabilidad del Estando en Derecho Internacional: Estados d\u00e9biles y Estados fracasados\u201d<\/p><p><strong>AUTORA<\/strong>: ALESSANDRA NASONI<\/p><p><strong>DIRECCI\u00d3N<\/strong>: Profa. Dra. Elena Crespo Navarro<\/p><p><strong>PROGRAMA<\/strong>: Programa de Doctorado en Ciencias Sociales y Jur\u00eddicas de la Universidad Miguel Hern\u00e1ndez<\/p><p>[\/et_pb_tab][et_pb_tab title=\"DEFENDIDAS\" _builder_version=\"4.17.4\" _module_preset=\"default\" global_colors_info=\"{}\"]<\/p><p>Pr\u00f3ximamente...<\/p><p>[\/et_pb_tab][\/et_pb_tabs][\/et_pb_column][\/et_pb_row][\/et_pb_section]<\/p>","_et_gb_content_width":"","_links_to":"","_links_to_target":""},"_links":{"self":[{"href":"https:\/\/catedrajeanmonnet.umh.es\/en\/wp-json\/wp\/v2\/pages\/1213"}],"collection":[{"href":"https:\/\/catedrajeanmonnet.umh.es\/en\/wp-json\/wp\/v2\/pages"}],"about":[{"href":"https:\/\/catedrajeanmonnet.umh.es\/en\/wp-json\/wp\/v2\/types\/page"}],"author":[{"embeddable":true,"href":"https:\/\/catedrajeanmonnet.umh.es\/en\/wp-json\/wp\/v2\/users\/23459"}],"replies":[{"embeddable":true,"href":"https:\/\/catedrajeanmonnet.umh.es\/en\/wp-json\/wp\/v2\/comments?post=1213"}],"version-history":[{"count":0,"href":"https:\/\/catedrajeanmonnet.umh.es\/en\/wp-json\/wp\/v2\/pages\/1213\/revisions"}],"wp:attachment":[{"href":"https:\/\/catedrajeanmonnet.umh.es\/en\/wp-json\/wp\/v2\/media?parent=1213"}],"curies":[{"name":"wp","href":"https:\/\/api.w.org\/{rel}","templated":true}]}}