{"id":1207,"date":"2023-02-08T13:14:17","date_gmt":"2023-02-08T13:14:17","guid":{"rendered":"https:\/\/catedrajeanmonnet.umh.es\/?page_id=1207"},"modified":"2024-02-01T15:43:03","modified_gmt":"2024-02-01T15:43:03","slug":"research","status":"publish","type":"page","link":"https:\/\/catedrajeanmonnet.umh.es\/en\/research\/","title":{"rendered":"Research"},"content":{"rendered":"<p>[et_pb_section fb_built=&#8221;1&#8243; disabled_on=&#8221;off|off|off&#8221; _builder_version=&#8221;4.17.4&#8243; _module_preset=&#8221;default&#8221; background_image=&#8221;https:\/\/catedrajeanmonnet.umh.es\/files\/2023\/02\/investigacion.png&#8221; height=&#8221;325px&#8221; global_colors_info=&#8221;{}&#8221;][et_pb_row _builder_version=&#8221;4.17.4&#8243; _module_preset=&#8221;default&#8221; global_colors_info=&#8221;{}&#8221;][et_pb_column type=&#8221;4_4&#8243; _builder_version=&#8221;4.17.4&#8243; _module_preset=&#8221;default&#8221; global_colors_info=&#8221;{}&#8221;][et_pb_text _builder_version=&#8221;4.17.4&#8243; _module_preset=&#8221;default&#8221; global_colors_info=&#8221;{}&#8221;][\/et_pb_text][\/et_pb_column][\/et_pb_row][\/et_pb_section][et_pb_section fb_built=&#8221;1&#8243; _builder_version=&#8221;4.17.4&#8243; _module_preset=&#8221;default&#8221; custom_padding=&#8221;2px||0px||false|false&#8221; global_colors_info=&#8221;{}&#8221;][et_pb_row column_structure=&#8221;1_2,1_4,1_4&#8243; _builder_version=&#8221;4.17.4&#8243; _module_preset=&#8221;default&#8221; custom_margin=&#8221;||||false|false&#8221; custom_padding=&#8221;||0px|||&#8221; locked=&#8221;off&#8221; global_colors_info=&#8221;{}&#8221;][et_pb_column type=&#8221;1_2&#8243; _builder_version=&#8221;4.17.4&#8243; _module_preset=&#8221;default&#8221; global_colors_info=&#8221;{}&#8221;][et_pb_text _builder_version=&#8221;4.17.4&#8243; _module_preset=&#8221;default&#8221; text_font=&#8221;||||||||&#8221; header_font=&#8221;|700|||||||&#8221; header_text_color=&#8221;#013496&#8243; header_font_size=&#8221;50px&#8221; custom_padding=&#8221;0px||7px||false|false&#8221; header_font_size_tablet=&#8221;50px&#8221; header_font_size_phone=&#8221;40px&#8221; header_font_size_last_edited=&#8221;on|phone&#8221; locked=&#8221;off&#8221; global_colors_info=&#8221;{}&#8221;]<\/p>\n<h1>RESEARCH<\/h1>\n<p>[\/et_pb_text][\/et_pb_column][et_pb_column type=&#8221;1_4&#8243; _builder_version=&#8221;4.17.4&#8243; _module_preset=&#8221;default&#8221; global_colors_info=&#8221;{}&#8221;][et_pb_button button_url=&#8221;https:\/\/twitter.com\/JeanMonnetUmh&#8221; url_new_window=&#8221;on&#8221; button_text=&#8221;Twitter&#8221; button_alignment=&#8221;right&#8221; button_alignment_tablet=&#8221;center&#8221; button_alignment_phone=&#8221;center&#8221; button_alignment_last_edited=&#8221;on|tablet&#8221; _builder_version=&#8221;4.17.4&#8243; _module_preset=&#8221;default&#8221; custom_button=&#8221;on&#8221; button_text_color=&#8221;#ffffff&#8221; button_bg_color=&#8221;#0079c4&#8243; button_border_color=&#8221;#000000&#8243; button_border_radius=&#8221;11px&#8221; button_font=&#8221;|600|||||||&#8221; button_icon=&#8221;&#xe094;||divi||400&#8243; button_on_hover=&#8221;off&#8221; button_text_shadow_style=&#8221;preset2&#8243; global_colors_info=&#8221;{}&#8221; disabled_on=&#8221;on|on|on&#8221; disabled=&#8221;on&#8221;][\/et_pb_button][\/et_pb_column][et_pb_column type=&#8221;1_4&#8243; _builder_version=&#8221;4.17.4&#8243; _module_preset=&#8221;default&#8221; global_colors_info=&#8221;{}&#8221;][et_pb_button button_url=&#8221;https:\/\/www.instagram.com\/jeanmonnetumh\/&#8221; url_new_window=&#8221;on&#8221; button_text=&#8221;Instagram&#8221; button_alignment=&#8221;center&#8221; _builder_version=&#8221;4.17.4&#8243; _module_preset=&#8221;default&#8221; custom_button=&#8221;on&#8221; button_text_color=&#8221;#ffffff&#8221; button_bg_color=&#8221;#0079c4&#8243; button_bg_use_color_gradient=&#8221;on&#8221; button_bg_color_gradient_stops=&#8221;#d82ba7 0%|#e09900 100%&#8221; button_border_color=&#8221;#000000&#8243; button_border_radius=&#8221;11px&#8221; button_font=&#8221;|600|||||||&#8221; button_icon=&#8221;&#xe09a;||divi||400&#8243; button_on_hover=&#8221;off&#8221; button_text_shadow_style=&#8221;preset2&#8243; global_colors_info=&#8221;{}&#8221; disabled_on=&#8221;on|on|on&#8221; disabled=&#8221;on&#8221;][\/et_pb_button][et_pb_social_media_follow _builder_version=&#8221;4.17.4&#8243; _module_preset=&#8221;default&#8221; text_orientation=&#8221;right&#8221; width=&#8221;100%&#8221; max_width=&#8221;100%&#8221; global_colors_info=&#8221;{}&#8221; theme_builder_area=&#8221;post_content&#8221;][et_pb_social_media_follow_network social_network=&#8221;twitter&#8221; url=&#8221;https:\/\/twitter.com\/JeanMonnetUmh&#8221; use_icon_font_size=&#8221;on&#8221; icon_font_size=&#8221;27px&#8221; _builder_version=&#8221;4.17.4&#8243; _module_preset=&#8221;default&#8221; background_color=&#8221;#000000&#8243; background_enable_color=&#8221;on&#8221; custom_button=&#8221;on&#8221; button_text_size=&#8221;35px&#8221; border_radii=&#8221;on|9px|9px|9px|9px&#8221; border_width_all=&#8221;3px&#8221; border_color_all=&#8221;#000000&#8243; global_colors_info=&#8221;{}&#8221; theme_builder_area=&#8221;post_content&#8221; follow_button=&#8221;off&#8221; url_new_window=&#8221;on&#8221;]twitter[\/et_pb_social_media_follow_network][et_pb_social_media_follow_network social_network=&#8221;instagram&#8221; url=&#8221;https:\/\/www.instagram.com\/jeanmonnetumh\/&#8221; use_icon_font_size=&#8221;on&#8221; icon_font_size=&#8221;27px&#8221; _builder_version=&#8221;4.17.4&#8243; _module_preset=&#8221;default&#8221; background_color=&#8221;#ea2c59&#8243; custom_button=&#8221;on&#8221; button_text_size=&#8221;35px&#8221; border_radii=&#8221;on|9px|9px|9px|9px&#8221; border_width_all=&#8221;3px&#8221; border_color_all=&#8221;#000000&#8243; global_colors_info=&#8221;{}&#8221; theme_builder_area=&#8221;post_content&#8221; follow_button=&#8221;off&#8221; url_new_window=&#8221;on&#8221;]instagram[\/et_pb_social_media_follow_network][\/et_pb_social_media_follow][\/et_pb_column][\/et_pb_row][et_pb_row _builder_version=&#8221;4.17.4&#8243; _module_preset=&#8221;default&#8221; global_colors_info=&#8221;{}&#8221;][et_pb_column type=&#8221;4_4&#8243; _builder_version=&#8221;4.17.4&#8243; _module_preset=&#8221;default&#8221; global_colors_info=&#8221;{}&#8221;][et_pb_text _builder_version=&#8221;4.17.4&#8243; _module_preset=&#8221;default&#8221; text_text_color=&#8221;#000000&#8243; text_font_size=&#8221;18px&#8221; text_orientation=&#8221;justified&#8221; global_colors_info=&#8221;{}&#8221;]<\/p>\n<p>In this section you can find information on the <strong>RELEVANT PUBLICATIONS<\/strong> of the members of the team of the Jean Monnet Chair of the UMH:<\/p>\n<ul>\n<li><span style=\"text-decoration: underline; color: #0000ff;\"><a style=\"color: #0000ff;\" href=\"https:\/\/catedrajeanmonnet.umh.es\/en\/elena-crespo-navarro-publications\/\"><strong>ELENA CRESPO NAVARRO<\/strong><\/a><\/span><\/li>\n<li>CARLOS JIM\u00c9NEZ PIERNAS<\/li>\n<li><span style=\"text-decoration: underline;\"><span style=\"color: #0000ff;\"><strong><a href=\"https:\/\/catedrajeanmonnet.umh.es\/en\/alessandra-publications\/\" style=\"color: #0000ff; text-decoration: underline;\">ALESSANDRA NASONI<\/a><\/strong><\/span><\/span><\/li>\n<li><strong><span style=\"text-decoration: underline;\"><span style=\"color: #0000ff;\"><a style=\"color: #0000ff; text-decoration: underline;\" href=\"https:\/\/catedrajeanmonnet.umh.es\/en\/francisco-pascual-vives-publications\/\">FRANCISCO PASCUAL VIVES<\/a><\/span><\/span><\/strong><\/li>\n<li><strong><span style=\"text-decoration: underline; color: #0000ff;\"><a style=\"color: #0000ff; text-decoration: underline;\" href=\"https:\/\/catedrajeanmonnet.umh.es\/en\/adela-publications\/\">ADELA RODR\u00cdGUEZ MA\u00d1OGIL<\/a><\/span><\/strong><\/li>\n<\/ul>\n<p>You can also find information about the <span style=\"color: #0000ff;\"><strong><span style=\"text-decoration: underline;\"><a href=\"https:\/\/catedrajeanmonnet.umh.es\/en\/doctoral-theses\/\" style=\"color: #0000ff; text-decoration: underline;\">PHD THESES<\/a><\/span><\/strong><\/span> that are being developed from the Jean Monnet Chair under the direction of its owner.<\/p>\n<p>[\/et_pb_text][\/et_pb_column][\/et_pb_row][\/et_pb_section]<\/p>\n","protected":false},"excerpt":{"rendered":"<p>RESEARCHtwitterinstagramIn this section you can find information on the RELEVANT PUBLICATIONS of the members of the team of the Jean Monnet Chair of the UMH: ELENA CRESPO NAVARRO CARLOS JIM\u00c9NEZ PIERNAS ALESSANDRA NASONI FRANCISCO PASCUAL VIVES ADELA RODR\u00cdGUEZ MA\u00d1OGIL You can also find information about the PHD THESES that are being developed from the Jean [&hellip;]<\/p>\n","protected":false},"author":23459,"featured_media":0,"parent":0,"menu_order":0,"comment_status":"closed","ping_status":"closed","template":"","meta":{"_et_pb_use_builder":"on","_et_pb_old_content":"<p>[et_pb_section fb_built=\"1\" disabled_on=\"off|off|off\" _builder_version=\"4.17.4\" _module_preset=\"default\" background_image=\"https:\/\/catedrajeanmonnet.umh.es\/files\/2023\/02\/investigacion.png\" height=\"325px\" global_colors_info=\"{}\"][et_pb_row _builder_version=\"4.17.4\" _module_preset=\"default\" global_colors_info=\"{}\"][et_pb_column type=\"4_4\" _builder_version=\"4.17.4\" _module_preset=\"default\" global_colors_info=\"{}\"][et_pb_text _builder_version=\"4.17.4\" _module_preset=\"default\" global_colors_info=\"{}\"][\/et_pb_text][\/et_pb_column][\/et_pb_row][\/et_pb_section][et_pb_section fb_built=\"1\" _builder_version=\"4.17.4\" _module_preset=\"default\" hover_enabled=\"0\" global_colors_info=\"{}\" custom_padding=\"2px||0px||false|false\" sticky_enabled=\"0\"][et_pb_row column_structure=\"3_5,2_5\" _builder_version=\"4.17.4\" _module_preset=\"default\" custom_margin=\"||||false|false\" custom_padding=\"||0px|||\" locked=\"off\" global_colors_info=\"{}\" theme_builder_area=\"post_content\"][et_pb_column type=\"3_5\" _builder_version=\"4.17.4\" _module_preset=\"default\" global_colors_info=\"{}\" theme_builder_area=\"post_content\"][et_pb_text _builder_version=\"4.17.4\" _module_preset=\"default\" text_font=\"||||||||\" header_font=\"|700|||||||\" header_text_color=\"#013496\" header_font_size=\"50px\" hover_enabled=\"0\" locked=\"off\" global_colors_info=\"{}\" theme_builder_area=\"post_content\" sticky_enabled=\"0\" custom_padding=\"0px||7px||false|false\"]<\/p><h1>INVESTIGACI\u00d3N<\/h1><p>[\/et_pb_text][\/et_pb_column][et_pb_column type=\"2_5\" _builder_version=\"4.17.4\" _module_preset=\"default\" global_colors_info=\"{}\" theme_builder_area=\"post_content\"][et_pb_button button_url=\"https:\/\/twitter.com\/JeanMonnetUmh\" url_new_window=\"on\" button_text=\"S\u00edguenos en Twitter\" _builder_version=\"4.17.4\" _module_preset=\"default\" custom_button=\"on\" button_text_color=\"#ffffff\" button_bg_color=\"#00acee\" button_border_radius=\"11px\" button_font=\"|600|||||||\" button_icon=\"\ue094||divi||400\" button_on_hover=\"off\" hover_enabled=\"0\" global_colors_info=\"{}\" theme_builder_area=\"post_content\" custom_margin=\"-1px||||false|false\" sticky_enabled=\"0\"][\/et_pb_button][\/et_pb_column][\/et_pb_row][et_pb_row _builder_version=\"4.17.4\" _module_preset=\"default\" global_colors_info=\"{}\"][et_pb_column type=\"4_4\" _builder_version=\"4.17.4\" _module_preset=\"default\" global_colors_info=\"{}\"][et_pb_text _builder_version=\"4.17.4\" _module_preset=\"default\" text_text_color=\"#000000\" text_font_size=\"18px\" text_orientation=\"justified\" hover_enabled=\"0\" global_colors_info=\"{}\" sticky_enabled=\"0\"]<\/p><p>En este apartado puede encontrarse informaci\u00f3n sobre las\u00a0<strong>PUBLICACIONES RELEVANTES<\/strong> de los miembros del equipo de la C\u00e1tedra\u00a0<em>Jean Monnet<\/em> de la UMH:<\/p><ul><li><span style=\"text-decoration: underline; color: #0000ff;\"><a style=\"color: #0000ff;\" href=\"https:\/\/catedrajeanmonnet2019.zeus.umh.es\/publicaciones-elena\/\"><strong>ELENA CRESPO NAVARRO<\/strong><\/a><\/span><\/li><li>CARLOS JIM\u00c9NEZ PIERNAS<\/li><li><strong><span style=\"text-decoration: underline;\"><span style=\"color: #0000ff;\"><a style=\"color: #0000ff; text-decoration: underline;\" href=\"https:\/\/catedrajeanmonnet.umh.es\/publicaciones-francisco-pascual-vives\/\">FRANCISCO PASCUAL VIVES<\/a><\/span><\/span><\/strong><\/li><li><strong><span style=\"text-decoration: underline; color: #0000ff;\"><a style=\"color: #0000ff; text-decoration: underline;\" href=\"https:\/\/catedrajeanmonnet.umh.es\/publicaciones-adela\/\">ADELA RODR\u00cdGUEZ MA\u00d1OGIL<\/a><\/span><\/strong><\/li><li>ALESSANDRA NASONI<\/li><\/ul><p>Tambi\u00e9n puede encontrar informaci\u00f3n sobre las\u00a0<span style=\"text-decoration: underline; color: #0000ff;\"><a style=\"color: #0000ff;\" href=\"https:\/\/catedrajeanmonnet.umh.es\/tesis-doctorales\/\"><strong>TESIS DOCTORALES<\/strong><\/a><\/span> que est\u00e1n desarroll\u00e1ndose desde la C\u00e1tedra\u00a0<em>Jean Monnet<\/em> bajo la direcci\u00f3n de su titular.<\/p><p>[\/et_pb_text][\/et_pb_column][\/et_pb_row][\/et_pb_section]<\/p>","_et_gb_content_width":"","_links_to":"","_links_to_target":""},"_links":{"self":[{"href":"https:\/\/catedrajeanmonnet.umh.es\/en\/wp-json\/wp\/v2\/pages\/1207"}],"collection":[{"href":"https:\/\/catedrajeanmonnet.umh.es\/en\/wp-json\/wp\/v2\/pages"}],"about":[{"href":"https:\/\/catedrajeanmonnet.umh.es\/en\/wp-json\/wp\/v2\/types\/page"}],"author":[{"embeddable":true,"href":"https:\/\/catedrajeanmonnet.umh.es\/en\/wp-json\/wp\/v2\/users\/23459"}],"replies":[{"embeddable":true,"href":"https:\/\/catedrajeanmonnet.umh.es\/en\/wp-json\/wp\/v2\/comments?post=1207"}],"version-history":[{"count":0,"href":"https:\/\/catedrajeanmonnet.umh.es\/en\/wp-json\/wp\/v2\/pages\/1207\/revisions"}],"wp:attachment":[{"href":"https:\/\/catedrajeanmonnet.umh.es\/en\/wp-json\/wp\/v2\/media?parent=1207"}],"curies":[{"name":"wp","href":"https:\/\/api.w.org\/{rel}","templated":true}]}}