{"id":1201,"date":"2023-02-08T13:11:37","date_gmt":"2023-02-08T13:11:37","guid":{"rendered":"https:\/\/catedrajeanmonnet.umh.es\/?page_id=1201"},"modified":"2024-02-01T15:31:25","modified_gmt":"2024-02-01T15:31:25","slug":"jean-monnet-program","status":"publish","type":"page","link":"https:\/\/catedrajeanmonnet.umh.es\/en\/jean-monnet-program\/","title":{"rendered":"Jean Monnet Program"},"content":{"rendered":"<p>[et_pb_section fb_built=&#8221;1&#8243; disabled_on=&#8221;off|off|off&#8221; _builder_version=&#8221;4.17.4&#8243; _module_preset=&#8221;default&#8221; background_image=&#8221;https:\/\/catedrajeanmonnet.umh.es\/files\/2023\/02\/catedra-jean-monnet.png&#8221; height=&#8221;325px&#8221; global_colors_info=&#8221;{}&#8221;][et_pb_row _builder_version=&#8221;4.17.4&#8243; _module_preset=&#8221;default&#8221; global_colors_info=&#8221;{}&#8221;][et_pb_column type=&#8221;4_4&#8243; _builder_version=&#8221;4.17.4&#8243; _module_preset=&#8221;default&#8221; global_colors_info=&#8221;{}&#8221;][et_pb_text _builder_version=&#8221;4.17.4&#8243; _module_preset=&#8221;default&#8221; global_colors_info=&#8221;{}&#8221;][\/et_pb_text][\/et_pb_column][\/et_pb_row][\/et_pb_section][et_pb_section fb_built=&#8221;1&#8243; _builder_version=&#8221;4.17.4&#8243; _module_preset=&#8221;default&#8221; custom_padding=&#8221;2px||0px||false|false&#8221; global_colors_info=&#8221;{}&#8221;][et_pb_row column_structure=&#8221;3_5,1_5,1_5&#8243; _builder_version=&#8221;4.17.4&#8243; _module_preset=&#8221;default&#8221; custom_margin=&#8221;||||false|false&#8221; custom_padding=&#8221;23px||7px||false|false&#8221; locked=&#8221;off&#8221; global_colors_info=&#8221;{}&#8221;][et_pb_column type=&#8221;3_5&#8243; _builder_version=&#8221;4.17.4&#8243; _module_preset=&#8221;default&#8221; global_colors_info=&#8221;{}&#8221;][et_pb_text disabled_on=&#8221;off|off|off&#8221; _builder_version=&#8221;4.17.4&#8243; _module_preset=&#8221;default&#8221; header_font=&#8221;|700|||||||&#8221; header_text_color=&#8221;#013496&#8243; header_font_size=&#8221;44px&#8221; header_2_font=&#8221;|700|||||||&#8221; header_2_text_color=&#8221;#013496&#8243; header_2_font_size=&#8221;40px&#8221; custom_margin=&#8221;10px||||false|false&#8221; header_font_size_tablet=&#8221;50px&#8221; header_font_size_phone=&#8221;40px&#8221; header_font_size_last_edited=&#8221;on|phone&#8221; global_colors_info=&#8221;{}&#8221;]<\/p>\n<h1>JEAN MONNET <span style=\"color: #0061f0;\">PROGRAMME<\/span><\/h1>\n<p>[\/et_pb_text][\/et_pb_column][et_pb_column type=&#8221;1_5&#8243; _builder_version=&#8221;4.17.4&#8243; _module_preset=&#8221;default&#8221; global_colors_info=&#8221;{}&#8221;][et_pb_button button_url=&#8221;https:\/\/twitter.com\/JeanMonnetUmh&#8221; url_new_window=&#8221;on&#8221; button_text=&#8221;Twitter&#8221; button_alignment=&#8221;right&#8221; button_alignment_tablet=&#8221;center&#8221; button_alignment_phone=&#8221;center&#8221; button_alignment_last_edited=&#8221;on|phone&#8221; _builder_version=&#8221;4.17.4&#8243; _module_preset=&#8221;default&#8221; custom_button=&#8221;on&#8221; button_text_color=&#8221;#ffffff&#8221; button_bg_color=&#8221;#0079c4&#8243; button_border_color=&#8221;#000000&#8243; button_border_radius=&#8221;11px&#8221; button_font=&#8221;|600|||||||&#8221; button_icon=&#8221;&#xe094;||divi||400&#8243; button_on_hover=&#8221;off&#8221; button_text_shadow_style=&#8221;preset2&#8243; global_colors_info=&#8221;{}&#8221; disabled_on=&#8221;on|on|on&#8221; disabled=&#8221;on&#8221;][\/et_pb_button][\/et_pb_column][et_pb_column type=&#8221;1_5&#8243; _builder_version=&#8221;4.17.4&#8243; _module_preset=&#8221;default&#8221; global_colors_info=&#8221;{}&#8221;][et_pb_button button_url=&#8221;https:\/\/www.instagram.com\/jeanmonnetumh\/&#8221; url_new_window=&#8221;on&#8221; button_text=&#8221;Instagram&#8221; button_alignment=&#8221;center&#8221; _builder_version=&#8221;4.17.4&#8243; _module_preset=&#8221;default&#8221; custom_button=&#8221;on&#8221; button_text_color=&#8221;#ffffff&#8221; button_bg_color=&#8221;#0079c4&#8243; button_bg_use_color_gradient=&#8221;on&#8221; button_bg_color_gradient_stops=&#8221;#d82ba7 0%|#e09900 100%&#8221; button_border_color=&#8221;#000000&#8243; button_border_radius=&#8221;11px&#8221; button_font=&#8221;|600|||||||&#8221; button_icon=&#8221;&#xe09a;||divi||400&#8243; button_on_hover=&#8221;off&#8221; button_text_shadow_style=&#8221;preset2&#8243; global_colors_info=&#8221;{}&#8221; disabled_on=&#8221;on|on|on&#8221; disabled=&#8221;on&#8221;][\/et_pb_button][et_pb_social_media_follow _builder_version=&#8221;4.17.4&#8243; _module_preset=&#8221;default&#8221; width=&#8221;100%&#8221; max_width=&#8221;100%&#8221; global_colors_info=&#8221;{}&#8221; theme_builder_area=&#8221;post_content&#8221;][et_pb_social_media_follow_network social_network=&#8221;twitter&#8221; url=&#8221;https:\/\/twitter.com\/JeanMonnetUmh&#8221; use_icon_font_size=&#8221;on&#8221; icon_font_size=&#8221;27px&#8221; _builder_version=&#8221;4.17.4&#8243; _module_preset=&#8221;default&#8221; background_color=&#8221;#000000&#8243; background_enable_color=&#8221;on&#8221; custom_button=&#8221;on&#8221; button_text_size=&#8221;35px&#8221; border_radii=&#8221;on|9px|9px|9px|9px&#8221; border_width_all=&#8221;3px&#8221; border_color_all=&#8221;#000000&#8243; global_colors_info=&#8221;{}&#8221; theme_builder_area=&#8221;post_content&#8221; follow_button=&#8221;off&#8221; url_new_window=&#8221;on&#8221;]twitter[\/et_pb_social_media_follow_network][et_pb_social_media_follow_network social_network=&#8221;instagram&#8221; url=&#8221;https:\/\/www.instagram.com\/jeanmonnetumh\/&#8221; use_icon_font_size=&#8221;on&#8221; icon_font_size=&#8221;27px&#8221; _builder_version=&#8221;4.17.4&#8243; _module_preset=&#8221;default&#8221; background_color=&#8221;#ea2c59&#8243; custom_button=&#8221;on&#8221; button_text_size=&#8221;35px&#8221; border_radii=&#8221;on|9px|9px|9px|9px&#8221; border_width_all=&#8221;3px&#8221; border_color_all=&#8221;#000000&#8243; global_colors_info=&#8221;{}&#8221; theme_builder_area=&#8221;post_content&#8221; follow_button=&#8221;off&#8221; url_new_window=&#8221;on&#8221;]instagram[\/et_pb_social_media_follow_network][\/et_pb_social_media_follow][\/et_pb_column][\/et_pb_row][et_pb_row column_structure=&#8221;2_3,1_3&#8243; _builder_version=&#8221;4.17.4&#8243; _module_preset=&#8221;default&#8221; custom_margin=&#8221;5px||||false|false&#8221; global_colors_info=&#8221;{}&#8221;][et_pb_column type=&#8221;2_3&#8243; _builder_version=&#8221;4.17.4&#8243; _module_preset=&#8221;default&#8221; global_colors_info=&#8221;{}&#8221;][et_pb_text _builder_version=&#8221;4.17.4&#8243; _module_preset=&#8221;default&#8221; text_text_color=&#8221;#000000&#8243; text_font_size=&#8221;16px&#8221; text_orientation=&#8221;justified&#8221; custom_margin=&#8221;-20px||||false|false&#8221; global_colors_info=&#8221;{}&#8221;]<\/p>\n<p>The aim of the <strong>Jean Monnet Actions<\/strong> is to promote excellence in teaching and research in the field of European Union studies worldwide.<\/p>\n<p>It is about promoting dialogue between the academic environment and society, including national level policymakers.<\/p>\n<p>The actions supported by the program generate knowledge and ideas that can support EU policymaking and strengthen the role of the EU in a globalized world.\u200b<\/p>\n<p>In particular, studies on the EU cover the study of Europe in its entirety, with particular emphasis on the process of European integration, taking into consideration both internal and external perspectives. It also seeks to promote active European citizenship and European values \u200b\u200band deal with the role of the EU in a globalized world.<\/p>\n<p>Active outreach and educational work to spread knowledge about the EU among society in general (beyond the academic environment and the specialized public) bringing the EU closer to the general public is also being promoted.<\/p>\n<p>Among the different types of Jean Monnet Actions in the field ofteaching and research there are Chairs and Modules. The Jean Monnet Chairs are teaching posts with a specialization in European Union studies practiced by university professors.<\/p>\n<p>[\/et_pb_text][\/et_pb_column][et_pb_column type=&#8221;1_3&#8243; _builder_version=&#8221;4.17.4&#8243; _module_preset=&#8221;default&#8221; global_colors_info=&#8221;{}&#8221;][et_pb_image src=&#8221;https:\/\/catedrajeanmonnet.umh.es\/files\/2023\/01\/Jean_Monnet.jpg&#8221; title_text=&#8221;Jean_Monnet&#8221; align=&#8221;center&#8221; src_tablet=&#8221;https:\/\/catedrajeanmonnet.umh.es\/files\/2023\/01\/Jean_Monnet-216&#215;300.jpg&#8221; src_phone=&#8221;https:\/\/catedrajeanmonnet.umh.es\/files\/2023\/01\/Jean_Monnet-216&#215;300.jpg&#8221; src_last_edited=&#8221;on|desktop&#8221; _builder_version=&#8221;4.17.4&#8243; _module_preset=&#8221;default&#8221; custom_margin=&#8221;-20px||||false|false&#8221; global_colors_info=&#8221;{}&#8221;][\/et_pb_image][et_pb_text _builder_version=&#8221;4.17.4&#8243; _module_preset=&#8221;default&#8221; text_text_color=&#8221;#000000&#8243; text_font_size=&#8221;18px&#8221; text_orientation=&#8221;center&#8221; global_colors_info=&#8221;{}&#8221;]<\/p>\n<p><span style=\"font-weight: 400;\">Find out <\/span><em><strong><span style=\"text-decoration: underline; color: #0000ff;\"><a style=\"color: #0000ff; text-decoration: underline;\" href=\"https:\/\/european-union.europa.eu\/principles-countries-history\/history-eu\/eu-pioneers\/jean-monnet_es\" target=\"_blank\" rel=\"noopener\">who Jean Monnet was<\/a><\/span><\/strong><\/em><\/p>\n<p>[\/et_pb_text][\/et_pb_column][\/et_pb_row][et_pb_row _builder_version=&#8221;4.17.4&#8243; _module_preset=&#8221;default&#8221; custom_margin=&#8221;-35px||||false|false&#8221; global_colors_info=&#8221;{}&#8221;][et_pb_column type=&#8221;4_4&#8243; _builder_version=&#8221;4.17.4&#8243; _module_preset=&#8221;default&#8221; global_colors_info=&#8221;{}&#8221;][et_pb_text _builder_version=&#8221;4.17.4&#8243; _module_preset=&#8221;default&#8221; header_2_font=&#8221;|700|||||||&#8221; header_2_text_color=&#8221;#013496&#8243; header_2_font_size=&#8221;35px&#8221; custom_margin=&#8221;||4px|||&#8221; global_colors_info=&#8221;{}&#8221;]<\/p>\n<h2>PREVIOUS <span style=\"color: #0061f0;\">PROJECTS<\/span><\/h2>\n<p>[\/et_pb_text][et_pb_text _builder_version=&#8221;4.17.4&#8243; _module_preset=&#8221;default&#8221; text_text_color=&#8221;#0038F0&#8243; text_font_size=&#8221;18px&#8221; text_orientation=&#8221;justified&#8221; custom_margin=&#8221;||||false|false&#8221; custom_padding=&#8221;||0px|||&#8221; global_colors_info=&#8221;{}&#8221;]<\/p>\n<p style=\"padding-left: 40px;\"><span style=\"color: #0000ff;\">&#8211; <\/span><span style=\"text-decoration: underline; color: #0000ff;\"><a style=\"color: #0000ff; text-decoration: underline;\" href=\"https:\/\/catedrajeanmonnet2022.umh.es\/\" target=\"_blank\" rel=\"noopener\">Jean Monnet Chair 2019-2022<\/a><\/span><\/p>\n<p style=\"padding-left: 40px;\"><span style=\"color: #0000ff;\">&#8211; <\/span><span style=\"text-decoration: underline; color: #0000ff;\"><a style=\"color: #0000ff; text-decoration: underline;\" href=\"https:\/\/derechointernacionalpublico.umh.es\/programa-jean-monnet\/catedra-jean-monnet\/\" target=\"_blank\" rel=\"noopener\">Jean Monnet Chair 2013-2016<\/a><\/span><\/p>\n<p style=\"padding-left: 40px;\"><span style=\"color: #0000ff;\">&#8211; <\/span><span style=\"text-decoration: underline; color: #0000ff;\"><a style=\"color: #0000ff; text-decoration: underline;\" href=\"https:\/\/derechointernacionalpublico.umh.es\/programa-jean-monnet\/modulo-europeo\/\" target=\"_blank\" rel=\"noopener\">Jean Monnet Chair 2008-2013<\/a><\/span><\/p>\n<p>&nbsp;<\/p>\n<p>[\/et_pb_text][\/et_pb_column][\/et_pb_row][\/et_pb_section]<\/p>\n","protected":false},"excerpt":{"rendered":"<p>JEAN MONNET PROGRAMMEtwitterinstagramThe aim of the Jean Monnet Actions is to promote excellence in teaching and research in the field of European Union studies worldwide. It is about promoting dialogue between the academic environment and society, including national level policymakers. The actions supported by the program generate knowledge and ideas that can support EU policymaking [&hellip;]<\/p>\n","protected":false},"author":23459,"featured_media":0,"parent":0,"menu_order":0,"comment_status":"closed","ping_status":"closed","template":"","meta":{"_et_pb_use_builder":"on","_et_pb_old_content":"<p>[et_pb_section fb_built=\"1\" disabled_on=\"off|off|off\" _builder_version=\"4.17.4\" _module_preset=\"default\" background_image=\"https:\/\/catedrajeanmonnet.umh.es\/files\/2023\/02\/catedra-jean-monnet.png\" height=\"325px\" global_colors_info=\"{}\"][et_pb_row _builder_version=\"4.17.4\" _module_preset=\"default\" global_colors_info=\"{}\"][et_pb_column type=\"4_4\" _builder_version=\"4.17.4\" _module_preset=\"default\" global_colors_info=\"{}\"][et_pb_text _builder_version=\"4.17.4\" _module_preset=\"default\" global_colors_info=\"{}\"][\/et_pb_text][\/et_pb_column][\/et_pb_row][\/et_pb_section][et_pb_section fb_built=\"1\" _builder_version=\"4.17.4\" _module_preset=\"default\" custom_padding=\"2px||0px||false|false\" global_colors_info=\"{}\"][et_pb_row column_structure=\"2_3,1_3\" _builder_version=\"4.17.4\" _module_preset=\"default\" custom_margin=\"||||false|false\" custom_padding=\"23px||7px||false|false\" locked=\"off\" global_colors_info=\"{}\"][et_pb_column type=\"2_3\" _builder_version=\"4.17.4\" _module_preset=\"default\" global_colors_info=\"{}\"][et_pb_text disabled_on=\"off|off|off\" _builder_version=\"4.17.4\" _module_preset=\"default\" header_font=\"|700|||||||\" header_text_color=\"#013496\" header_font_size=\"50px\" header_2_font=\"|700|||||||\" header_2_text_color=\"#013496\" header_2_font_size=\"40px\" custom_margin=\"10px||||false|false\" global_colors_info=\"{}\"]<\/p><h1>PROGRAMA <span style=\"color: #0061f0;\">JEAN MONNET<\/span><\/h1><p>[\/et_pb_text][\/et_pb_column][et_pb_column type=\"1_3\" _builder_version=\"4.17.4\" _module_preset=\"default\" global_colors_info=\"{}\"][et_pb_button button_url=\"https:\/\/twitter.com\/JeanMonnetUmh\" url_new_window=\"on\" button_text=\"S\u00edguenos en Twitter\" _builder_version=\"4.17.4\" _module_preset=\"default\" custom_button=\"on\" button_text_color=\"#ffffff\" button_bg_color=\"#00acee\" button_border_radius=\"11px\" button_font=\"|600|||||||\" button_icon=\"\ue094||divi||400\" button_on_hover=\"off\" hover_enabled=\"0\" global_colors_info=\"{}\" custom_margin=\"10px||||false|false\" sticky_enabled=\"0\"][\/et_pb_button][\/et_pb_column][\/et_pb_row][et_pb_row column_structure=\"2_3,1_3\" _builder_version=\"4.17.4\" _module_preset=\"default\" custom_margin=\"5px||||false|false\" hover_enabled=\"0\" global_colors_info=\"{}\" sticky_enabled=\"0\"][et_pb_column type=\"2_3\" _builder_version=\"4.17.4\" _module_preset=\"default\" global_colors_info=\"{}\"][et_pb_text _builder_version=\"4.17.4\" _module_preset=\"default\" text_text_color=\"#000000\" text_font_size=\"16px\" text_orientation=\"justified\" custom_margin=\"-20px||||false|false\" global_colors_info=\"{}\"]<\/p><p><span style=\"font-weight: 400;\">Las <\/span><b>Acciones Jean Monnet<\/b><span style=\"font-weight: 400;\">, se enmarcan en <\/span><span style=\"font-weight: 400;\">el Programa Erasmus+<\/span><span style=\"font-weight: 400;\"> de la Uni\u00f3n Europea y tienen como <\/span><b>objetivo <\/b><span style=\"font-weight: 400;\">promover la excelencia en la ense\u00f1anza y la investigaci\u00f3n sobre la Uni\u00f3n Europea en todo el mundo. Se trata de impulsar el di\u00e1logo entre el entorno acad\u00e9mico y la sociedad, incluidos los responsables de la formulaci\u00f3n de pol\u00edticas p\u00fablicas.<\/span><\/p><p><span style=\"font-weight: 400;\">Las acciones respaldadas por el programa generan conocimientos e ideas que pueden apoyar la formulaci\u00f3n de pol\u00edticas de la UE y reforzar el papel de la UE en un mundo globalizado.\u200b<\/span><\/p><p><span style=\"font-weight: 400;\">En particular, los estudios sobre la UE comprenden el estudio de Europa en su totalidad, con especial atenci\u00f3n al proceso de integraci\u00f3n europea, tomando en consideraci\u00f3n tanto a los aspectos internos como a los externos. Se busca igualmente, promocionar la ciudadan\u00eda europea activa y los valores europeos y tratar el papel de la UE en un mundo globalizado.<\/span><\/p><p><span style=\"font-weight: 400;\">Tambi\u00e9n se impulsa el trabajo activo de divulgaci\u00f3n y educaci\u00f3n para difundir el conocimiento sobre la UE entre la sociedad en general (m\u00e1s all\u00e1 del mundo acad\u00e9mico y el p\u00fablico especializado) y as\u00ed acercar la UE al p\u00fablico en general.<\/span><\/p><p><span style=\"font-weight: 400;\">Entre los diferentes tipos de Acciones Jean Monnet, en el \u00e1mbito de la docencia y la investigaci\u00f3n figuran las C\u00e1tedras y los M\u00f3dulos.<\/span><span style=\"font-weight: 400;\"> Las C\u00e1tedras Jean Monnet son puestos docentes especializados en estudios sobre la Uni\u00f3n Europea desempe\u00f1ados por profesores universitarios.<\/span><\/p><p>[\/et_pb_text][\/et_pb_column][et_pb_column type=\"1_3\" _builder_version=\"4.17.4\" _module_preset=\"default\" global_colors_info=\"{}\"][et_pb_image src=\"https:\/\/catedrajeanmonnet.umh.es\/files\/2023\/01\/Jean_Monnet.jpg\" title_text=\"Jean_Monnet\" _builder_version=\"4.17.4\" _module_preset=\"default\" custom_margin=\"-20px||||false|false\" global_colors_info=\"{}\"][\/et_pb_image][et_pb_text _builder_version=\"4.17.4\" _module_preset=\"default\" text_text_color=\"#000000\" text_font_size=\"18px\" text_orientation=\"center\" global_colors_info=\"{}\"]<\/p><p><span style=\"font-weight: 400;\">Descubre <\/span><em><strong><span style=\"text-decoration: underline; color: #0000ff;\"><a style=\"color: #0000ff; text-decoration: underline;\" href=\"https:\/\/european-union.europa.eu\/principles-countries-history\/history-eu\/eu-pioneers\/jean-monnet_es\" target=\"_blank\" rel=\"noopener\">qui\u00e9n fue Jean Monnet<\/a><\/span><\/strong><\/em><\/p><p>[\/et_pb_text][\/et_pb_column][\/et_pb_row][et_pb_row _builder_version=\"4.17.4\" _module_preset=\"default\" custom_margin=\"-35px||||false|false\" global_colors_info=\"{}\"][et_pb_column type=\"4_4\" _builder_version=\"4.17.4\" _module_preset=\"default\" global_colors_info=\"{}\"][et_pb_text _builder_version=\"4.17.4\" _module_preset=\"default\" header_2_font=\"|700|||||||\" header_2_text_color=\"#013496\" header_2_font_size=\"35px\" custom_margin=\"||4px|||\" global_colors_info=\"{}\"]<\/p><h2>PROYECTOS <span style=\"color: #0061f0;\">ANTERIORES<\/span><\/h2><p>[\/et_pb_text][et_pb_text _builder_version=\"4.17.4\" _module_preset=\"default\" text_text_color=\"#0038F0\" text_font_size=\"18px\" text_orientation=\"justified\" custom_margin=\"||||false|false\" custom_padding=\"||0px|||\" global_colors_info=\"{}\"]<\/p><p style=\"padding-left: 40px;\"><span style=\"color: #0000ff;\">- <\/span><span style=\"text-decoration: underline; color: #0000ff;\"><a style=\"color: #0000ff; text-decoration: underline;\" href=\"https:\/\/catedrajeanmonnet2022.umh.es\/\" target=\"_blank\" rel=\"noopener\">C\u00e1tedra Jean Monnet 2019-2022<\/a><\/span><\/p><p style=\"padding-left: 40px;\"><span style=\"color: #0000ff;\">- <\/span><span style=\"text-decoration: underline; color: #0000ff;\"><a style=\"color: #0000ff; text-decoration: underline;\" href=\"https:\/\/derechointernacionalpublico.umh.es\/programa-jean-monnet\/catedra-jean-monnet\/\" target=\"_blank\" rel=\"noopener\">C\u00e1tedra Jean Monnet 2013-2016<\/a><\/span><\/p><p style=\"padding-left: 40px;\"><span style=\"color: #0000ff;\">- <\/span><span style=\"text-decoration: underline; color: #0000ff;\"><a style=\"color: #0000ff; text-decoration: underline;\" href=\"https:\/\/derechointernacionalpublico.umh.es\/programa-jean-monnet\/modulo-europeo\/\" target=\"_blank\" rel=\"noopener\">C\u00e1tedra Jean Monnet 2008-2013<\/a><\/span><\/p><p>\u00a0<\/p><p>[\/et_pb_text][\/et_pb_column][\/et_pb_row][\/et_pb_section]<\/p>","_et_gb_content_width":"","_links_to":"","_links_to_target":""},"_links":{"self":[{"href":"https:\/\/catedrajeanmonnet.umh.es\/en\/wp-json\/wp\/v2\/pages\/1201"}],"collection":[{"href":"https:\/\/catedrajeanmonnet.umh.es\/en\/wp-json\/wp\/v2\/pages"}],"about":[{"href":"https:\/\/catedrajeanmonnet.umh.es\/en\/wp-json\/wp\/v2\/types\/page"}],"author":[{"embeddable":true,"href":"https:\/\/catedrajeanmonnet.umh.es\/en\/wp-json\/wp\/v2\/users\/23459"}],"replies":[{"embeddable":true,"href":"https:\/\/catedrajeanmonnet.umh.es\/en\/wp-json\/wp\/v2\/comments?post=1201"}],"version-history":[{"count":0,"href":"https:\/\/catedrajeanmonnet.umh.es\/en\/wp-json\/wp\/v2\/pages\/1201\/revisions"}],"wp:attachment":[{"href":"https:\/\/catedrajeanmonnet.umh.es\/en\/wp-json\/wp\/v2\/media?parent=1201"}],"curies":[{"name":"wp","href":"https:\/\/api.w.org\/{rel}","templated":true}]}}