{"id":1021,"date":"2023-02-03T17:14:55","date_gmt":"2023-02-03T17:14:55","guid":{"rendered":"https:\/\/catedrajeanmonnet.umh.es\/?page_id=1021"},"modified":"2024-02-01T15:37:58","modified_gmt":"2024-02-01T15:37:58","slug":"actividades-formativas","status":"publish","type":"page","link":"https:\/\/catedrajeanmonnet.umh.es\/en\/actividades-formativas\/","title":{"rendered":"Formation Activities"},"content":{"rendered":"<p>[et_pb_section fb_built=&#8221;1&#8243; disabled_on=&#8221;off|off|off&#8221; _builder_version=&#8221;4.17.4&#8243; _module_preset=&#8221;default&#8221; background_image=&#8221;https:\/\/catedrajeanmonnet.umh.es\/files\/2023\/02\/actividades-formativas.png&#8221; height=&#8221;325px&#8221; global_colors_info=&#8221;{}&#8221;][et_pb_row _builder_version=&#8221;4.17.4&#8243; _module_preset=&#8221;default&#8221; global_colors_info=&#8221;{}&#8221;][et_pb_column type=&#8221;4_4&#8243; _builder_version=&#8221;4.17.4&#8243; _module_preset=&#8221;default&#8221; global_colors_info=&#8221;{}&#8221;][et_pb_text _builder_version=&#8221;4.17.4&#8243; _module_preset=&#8221;default&#8221; global_colors_info=&#8221;{}&#8221;][\/et_pb_text][\/et_pb_column][\/et_pb_row][\/et_pb_section][et_pb_section fb_built=&#8221;1&#8243; _builder_version=&#8221;4.17.4&#8243; _module_preset=&#8221;default&#8221; custom_padding=&#8221;2px||0px||false|false&#8221; global_colors_info=&#8221;{}&#8221;][et_pb_row column_structure=&#8221;3_5,1_5,1_5&#8243; _builder_version=&#8221;4.17.4&#8243; _module_preset=&#8221;default&#8221; custom_margin=&#8221;||||false|false&#8221; custom_padding=&#8221;||0px|||&#8221; locked=&#8221;off&#8221; global_colors_info=&#8221;{}&#8221;][et_pb_column type=&#8221;3_5&#8243; _builder_version=&#8221;4.17.4&#8243; _module_preset=&#8221;default&#8221; global_colors_info=&#8221;{}&#8221;][et_pb_text _builder_version=&#8221;4.17.4&#8243; _module_preset=&#8221;default&#8221; text_font=&#8221;||||||||&#8221; header_font=&#8221;|700|||||||&#8221; header_text_color=&#8221;#013496&#8243; header_font_size=&#8221;50px&#8221; header_font_size_tablet=&#8221;50px&#8221; header_font_size_phone=&#8221;40px&#8221; header_font_size_last_edited=&#8221;on|phone&#8221; global_colors_info=&#8221;{}&#8221;]<\/p>\n<h1>TRAINING <span style=\"color: #0061f0;\">ACTIVITIES<\/span><\/h1>\n<p>[\/et_pb_text][\/et_pb_column][et_pb_column type=&#8221;1_5&#8243; _builder_version=&#8221;4.17.4&#8243; _module_preset=&#8221;default&#8221; global_colors_info=&#8221;{}&#8221;][et_pb_button button_url=&#8221;https:\/\/twitter.com\/JeanMonnetUmh&#8221; url_new_window=&#8221;on&#8221; button_text=&#8221;Twitter&#8221; button_alignment=&#8221;right&#8221; button_alignment_tablet=&#8221;center&#8221; button_alignment_phone=&#8221;center&#8221; button_alignment_last_edited=&#8221;on|phone&#8221; disabled_on=&#8221;on|on|on&#8221; _builder_version=&#8221;4.17.4&#8243; _module_preset=&#8221;default&#8221; custom_button=&#8221;on&#8221; button_text_color=&#8221;#ffffff&#8221; button_bg_color=&#8221;#0079c4&#8243; button_border_color=&#8221;#000000&#8243; button_border_radius=&#8221;11px&#8221; button_font=&#8221;|600|||||||&#8221; button_icon=&#8221;&#xe094;||divi||400&#8243; button_on_hover=&#8221;off&#8221; button_text_shadow_style=&#8221;preset2&#8243; disabled=&#8221;on&#8221; global_colors_info=&#8221;{}&#8221;][\/et_pb_button][\/et_pb_column][et_pb_column type=&#8221;1_5&#8243; _builder_version=&#8221;4.17.4&#8243; _module_preset=&#8221;default&#8221; global_colors_info=&#8221;{}&#8221;][et_pb_button button_url=&#8221;https:\/\/www.instagram.com\/jeanmonnetumh\/&#8221; url_new_window=&#8221;on&#8221; button_text=&#8221;Instagram&#8221; button_alignment=&#8221;center&#8221; disabled_on=&#8221;on|on|on&#8221; _builder_version=&#8221;4.17.4&#8243; _module_preset=&#8221;default&#8221; custom_button=&#8221;on&#8221; button_text_color=&#8221;#ffffff&#8221; button_bg_color=&#8221;#0079c4&#8243; button_bg_use_color_gradient=&#8221;on&#8221; button_bg_color_gradient_stops=&#8221;#d82ba7 0%|#e09900 100%&#8221; button_border_color=&#8221;#000000&#8243; button_border_radius=&#8221;11px&#8221; button_font=&#8221;|600|||||||&#8221; button_icon=&#8221;&#xe09a;||divi||400&#8243; button_on_hover=&#8221;off&#8221; button_text_shadow_style=&#8221;preset2&#8243; disabled=&#8221;on&#8221; global_colors_info=&#8221;{}&#8221;][\/et_pb_button][et_pb_social_media_follow _builder_version=&#8221;4.17.4&#8243; _module_preset=&#8221;default&#8221; width=&#8221;100%&#8221; max_width=&#8221;100%&#8221; hover_enabled=&#8221;0&#8243; global_colors_info=&#8221;{}&#8221; text_orientation=&#8221;right&#8221; sticky_enabled=&#8221;0&#8243;][et_pb_social_media_follow_network social_network=&#8221;twitter&#8221; url=&#8221;https:\/\/twitter.com\/JeanMonnetUmh&#8221; use_icon_font_size=&#8221;on&#8221; icon_font_size=&#8221;27px&#8221; _builder_version=&#8221;4.17.4&#8243; _module_preset=&#8221;default&#8221; background_color=&#8221;#000000&#8243; background_enable_color=&#8221;on&#8221; custom_button=&#8221;on&#8221; button_text_size=&#8221;35px&#8221; border_radii=&#8221;on|9px|9px|9px|9px&#8221; border_width_all=&#8221;3px&#8221; border_color_all=&#8221;#000000&#8243; global_colors_info=&#8221;{}&#8221; follow_button=&#8221;off&#8221; url_new_window=&#8221;on&#8221;]twitter[\/et_pb_social_media_follow_network][et_pb_social_media_follow_network social_network=&#8221;instagram&#8221; url=&#8221;https:\/\/www.instagram.com\/jeanmonnetumh\/&#8221; use_icon_font_size=&#8221;on&#8221; icon_font_size=&#8221;27px&#8221; _builder_version=&#8221;4.17.4&#8243; _module_preset=&#8221;default&#8221; background_color=&#8221;#ea2c59&#8243; custom_button=&#8221;on&#8221; button_text_size=&#8221;35px&#8221; border_radii=&#8221;on|9px|9px|9px|9px&#8221; border_width_all=&#8221;3px&#8221; border_color_all=&#8221;#000000&#8243; global_colors_info=&#8221;{}&#8221; follow_button=&#8221;off&#8221; url_new_window=&#8221;on&#8221;]instagram[\/et_pb_social_media_follow_network][\/et_pb_social_media_follow][\/et_pb_column][\/et_pb_row][et_pb_row _builder_version=&#8221;4.17.4&#8243; _module_preset=&#8221;default&#8221; global_colors_info=&#8221;{}&#8221;][et_pb_column type=&#8221;4_4&#8243; _builder_version=&#8221;4.17.4&#8243; _module_preset=&#8221;default&#8221; global_colors_info=&#8221;{}&#8221;][et_pb_text _builder_version=&#8221;4.17.4&#8243; _module_preset=&#8221;default&#8221; text_text_color=&#8221;#000000&#8243; text_font_size=&#8221;18px&#8221; text_orientation=&#8221;justified&#8221; custom_margin=&#8221;-20px||||false|false&#8221; global_colors_info=&#8221;{}&#8221;]<\/p>\n<p>From the Jean Monnet Chair of the UMH Strengthening the European Union by reinforcing its values, we organize throughout each academic year and as a complement to regulated teaching, various training activities on the European Union and its values \u200b\u200bthat are aimed at different groups. In particular:<\/p>\n<p>[\/et_pb_text][\/et_pb_column][\/et_pb_row][et_pb_row column_structure=&#8221;1_3,1_3,1_3&#8243; _builder_version=&#8221;4.17.4&#8243; _module_preset=&#8221;default&#8221; custom_margin=&#8221;-20px||||false|false&#8221; global_colors_info=&#8221;{}&#8221;][et_pb_column type=&#8221;1_3&#8243; _builder_version=&#8221;4.17.4&#8243; _module_preset=&#8221;default&#8221; global_colors_info=&#8221;{}&#8221;][et_pb_blurb use_icon=&#8221;on&#8221; font_icon=&#8221;&#xf0c0;||fa||900&#8243; icon_color=&#8221;#0061f0&#8243; _builder_version=&#8221;4.17.4&#8243; _module_preset=&#8221;default&#8221; body_text_align=&#8221;center&#8221; body_text_color=&#8221;#000000&#8243; body_font_size=&#8221;16px&#8221; link_option_url=&#8221;https:\/\/catedrajeanmonnet.umh.es\/en\/round-tables\/&#8221; global_colors_info=&#8221;{}&#8221;]<\/p>\n<p>Round <strong>table cycles<\/strong><\/p>\n<p>[\/et_pb_blurb][\/et_pb_column][et_pb_column type=&#8221;1_3&#8243; _builder_version=&#8221;4.17.4&#8243; _module_preset=&#8221;default&#8221; global_colors_info=&#8221;{}&#8221;][et_pb_blurb use_icon=&#8221;on&#8221; font_icon=&#8221;&#xf51c;||fa||900&#8243; icon_color=&#8221;#0061f0&#8243; _builder_version=&#8221;4.17.4&#8243; _module_preset=&#8221;default&#8221; body_text_align=&#8221;center&#8221; body_text_color=&#8221;#000000&#8243; body_font_size=&#8221;16px&#8221; link_option_url=&#8221;https:\/\/catedrajeanmonnet.umh.es\/en\/aunex-courses\/&#8221; global_colors_info=&#8221;{}&#8221;]<\/p>\n<p>Specialized courses aimed at people over 55 years of age within the framework of the<strong> University Classroom Program<\/strong><br \/><strong>of the Experience<\/strong> (AUNEX)<\/p>\n<p>[\/et_pb_blurb][\/et_pb_column][et_pb_column type=&#8221;1_3&#8243; _builder_version=&#8221;4.17.4&#8243; _module_preset=&#8221;default&#8221; global_colors_info=&#8221;{}&#8221;][et_pb_blurb use_icon=&#8221;on&#8221; font_icon=&#8221;&#xf185;||fa||900&#8243; icon_color=&#8221;#0061f0&#8243; _builder_version=&#8221;4.17.4&#8243; _module_preset=&#8221;default&#8221; body_text_align=&#8221;center&#8221; body_text_color=&#8221;#000000&#8243; body_font_size=&#8221;16px&#8221; link_option_url=&#8221;https:\/\/catedrajeanmonnet.umh.es\/en\/summer-courses\/&#8221; global_colors_info=&#8221;{}&#8221;]<\/p>\n<p><strong>Summer courses<\/strong><\/p>\n<p>[\/et_pb_blurb][\/et_pb_column][\/et_pb_row][\/et_pb_section]<\/p>\n","protected":false},"excerpt":{"rendered":"<p>TRAINING ACTIVITIEStwitterinstagramFrom the Jean Monnet Chair of the UMH Strengthening the European Union by reinforcing its values, we organize throughout each academic year and as a complement to regulated teaching, various training activities on the European Union and its values \u200b\u200bthat are aimed at different groups. In particular:Round table cyclesSpecialized courses aimed at people over [&hellip;]<\/p>\n","protected":false},"author":3158,"featured_media":0,"parent":0,"menu_order":0,"comment_status":"closed","ping_status":"closed","template":"","meta":{"_et_pb_use_builder":"on","_et_pb_old_content":"<p>[et_pb_section fb_built=\"1\" _builder_version=\"4.17.4\" _module_preset=\"default\" global_colors_info=\"{}\"][et_pb_row _builder_version=\"4.17.4\" _module_preset=\"default\" hover_enabled=\"0\" global_colors_info=\"{}\" sticky_enabled=\"0\"][et_pb_column type=\"4_4\" _builder_version=\"4.17.4\" _module_preset=\"default\" global_colors_info=\"{}\"][et_pb_text _builder_version=\"4.17.4\" _module_preset=\"default\" text_font=\"||||||||\" header_font=\"|700|||||||\" header_text_color=\"#013496\" header_font_size=\"40px\" global_colors_info=\"{}\"]<\/p><h1>ACTIVIDADES <span style=\"color: #0061f0;\">FORMATIVAS<\/span><\/h1><p>[\/et_pb_text][et_pb_text _builder_version=\"4.17.4\" _module_preset=\"default\" text_text_color=\"#000000\" text_font_size=\"18px\" text_orientation=\"justified\" hover_enabled=\"0\" global_colors_info=\"{}\" custom_margin=\"-20px||||false|false\" sticky_enabled=\"0\"]<\/p><p>Desde la C\u00e1tedra Jean Monnet de la UMH Fortalecer la Uni\u00f3n Europea reforzando sus valores organizamos a lo largo de cada curso acad\u00e9mico y como complemento a la docencia reglada, diversas actividades formativas sobre la Uni\u00f3n Europea y sus valores que van dirigidas a diferentes colectivos. En concreto:<\/p><p>[\/et_pb_text][\/et_pb_column][\/et_pb_row][et_pb_row column_structure=\"1_3,1_3,1_3\" _builder_version=\"4.17.4\" _module_preset=\"default\" hover_enabled=\"0\" global_colors_info=\"{}\" custom_margin=\"-20px||||false|false\" sticky_enabled=\"0\"][et_pb_column type=\"1_3\" _builder_version=\"4.17.4\" _module_preset=\"default\" global_colors_info=\"{}\"][et_pb_blurb use_icon=\"on\" font_icon=\"\uf0c0||fa||900\" icon_color=\"#0061f0\" _builder_version=\"4.17.4\" _module_preset=\"default\" body_text_align=\"center\" body_text_color=\"#000000\" body_font_size=\"16px\" link_option_url=\"https:\/\/catedrajeanmonnet.umh.es\/mesas-redondas\/\" global_colors_info=\"{}\"]<\/p><p>Ciclos de <strong>mesas redondas<\/strong><\/p><p>[\/et_pb_blurb][\/et_pb_column][et_pb_column type=\"1_3\" _builder_version=\"4.17.4\" _module_preset=\"default\" global_colors_info=\"{}\"][et_pb_blurb use_icon=\"on\" font_icon=\"\uf51c||fa||900\" icon_color=\"#0061f0\" _builder_version=\"4.17.4\" _module_preset=\"default\" body_text_align=\"center\" body_text_color=\"#000000\" body_font_size=\"16px\" link_option_url=\"https:\/\/catedrajeanmonnet.umh.es\/cursos-aunex\/\" global_colors_info=\"{}\"]<\/p><p>Cursos especializados dirigidos a mayores de 55 a\u00f1os el marco del <strong>Programa de las Aulas Universitarias<\/strong><br \/><strong>de la Experiencia<\/strong> (AUNEX)<\/p><p>[\/et_pb_blurb][\/et_pb_column][et_pb_column type=\"1_3\" _builder_version=\"4.17.4\" _module_preset=\"default\" global_colors_info=\"{}\"][et_pb_blurb use_icon=\"on\" font_icon=\"\uf185||fa||900\" icon_color=\"#0061f0\" _builder_version=\"4.17.4\" _module_preset=\"default\" body_text_align=\"center\" body_text_color=\"#000000\" body_font_size=\"16px\" link_option_url=\"https:\/\/catedrajeanmonnet.umh.es\/cursos-de-verano\/\" global_colors_info=\"{}\"]<\/p><p><strong>Cursos de verano<\/strong><\/p><p>[\/et_pb_blurb][\/et_pb_column][\/et_pb_row][\/et_pb_section]<\/p>","_et_gb_content_width":"","_links_to":"","_links_to_target":""},"_links":{"self":[{"href":"https:\/\/catedrajeanmonnet.umh.es\/en\/wp-json\/wp\/v2\/pages\/1021"}],"collection":[{"href":"https:\/\/catedrajeanmonnet.umh.es\/en\/wp-json\/wp\/v2\/pages"}],"about":[{"href":"https:\/\/catedrajeanmonnet.umh.es\/en\/wp-json\/wp\/v2\/types\/page"}],"author":[{"embeddable":true,"href":"https:\/\/catedrajeanmonnet.umh.es\/en\/wp-json\/wp\/v2\/users\/3158"}],"replies":[{"embeddable":true,"href":"https:\/\/catedrajeanmonnet.umh.es\/en\/wp-json\/wp\/v2\/comments?post=1021"}],"version-history":[{"count":0,"href":"https:\/\/catedrajeanmonnet.umh.es\/en\/wp-json\/wp\/v2\/pages\/1021\/revisions"}],"wp:attachment":[{"href":"https:\/\/catedrajeanmonnet.umh.es\/en\/wp-json\/wp\/v2\/media?parent=1021"}],"curies":[{"name":"wp","href":"https:\/\/api.w.org\/{rel}","templated":true}]}}